{"id":64107,"date":"2019-04-22T15:41:10","date_gmt":"2019-04-22T18:41:10","guid":{"rendered":"http:\/\/pdt-rj.org.br\/?page_id=64107"},"modified":"2022-08-12T14:14:57","modified_gmt":"2022-08-12T17:14:57","slug":"resolucoes","status":"publish","type":"page","link":"https:\/\/pdt-rj.org.br\/index.php\/resolucoes\/","title":{"rendered":"Resolu\u00e7\u00f5es"},"content":{"rendered":"<p>Abaixo todas as resolu\u00e7\u00f5es dispon\u00edveis para download:<\/p>\n<ul>\n<li><a href=\"http:\/\/pdt-rj.org.br\/wp-content\/uploads\/2019\/12\/Resolucao_002-2019.pdf\" target=\"_blank\" rel=\"noopener noreferrer\">Resolu\u00e7\u00e3o 002\/2019<\/a><\/li>\n<li><a href=\"http:\/\/pdt-rj.org.br\/wp-content\/uploads\/2019\/12\/Resolucao_003-2019.pdf\" target=\"_blank\" rel=\"noopener noreferrer\">Resolu\u00e7\u00e3o 003\/2019<\/a><\/li>\n<li><a href=\"http:\/\/pdt-rj.org.br\/wp-content\/uploads\/2019\/12\/Resolucao_004-2019.pdf\" target=\"_blank\" rel=\"noopener noreferrer\">Resolu\u00e7\u00e3o 004\/2019<\/a><\/li>\n<li><a href=\"http:\/\/pdt-rj.org.br\/wp-content\/uploads\/2019\/12\/Resolucao_005-2019.pdf\" target=\"_blank\" rel=\"noopener noreferrer\">Resolu\u00e7\u00e3o 005\/2019<\/a><\/li>\n<li><a href=\"http:\/\/pdt-rj.org.br\/wp-content\/uploads\/2019\/12\/Resolucao_006-2019.pdf\" target=\"_blank\" rel=\"noopener noreferrer\">Resolu\u00e7\u00e3o 006\/2019<\/a><\/li>\n<li><a href=\"http:\/\/pdt-rj.org.br\/wp-content\/uploads\/2019\/12\/Resolucao_007-2019.pdf\" target=\"_blank\" rel=\"noopener noreferrer\">Resolu\u00e7\u00e3o 007\/2019<\/a><\/li>\n<li><a href=\"http:\/\/pdt-rj.org.br\/wp-content\/uploads\/2020\/07\/Resolucao_002-2020-RepPartidaria-Eleicoes.pdf\" target=\"_blank\" rel=\"noopener noreferrer\">Resolu\u00e7\u00e3o 002\/2020<\/a><\/li>\n<li><a href=\"http:\/\/pdt-rj.org.br\/wp-content\/uploads\/2020\/08\/Resolucao_003-2020-FEFC.pdf\" target=\"_blank\" rel=\"noopener noreferrer\">Resolu\u00e7\u00e3o 003\/2020<\/a><\/li>\n<li><a href=\"http:\/\/pdt-rj.org.br\/wp-content\/uploads\/2020\/08\/ResolucaoPDTNAC_004-2020-OrientaConvEleitorais.pdf\" target=\"_blank\" rel=\"noopener noreferrer\">Resolu\u00e7\u00e3o 004\/2020<\/a><\/li>\n<li><a href=\"http:\/\/pdt-rj.org.br\/wp-content\/uploads\/2020\/10\/Resoluc\u0327a\u0303o_005-2020-Questa\u0303o-Racial-2.pdf\" target=\"_blank\" rel=\"noopener noreferrer\">Resolu\u00e7\u00e3o 005\/2020<\/a><\/li>\n<li><a href=\"http:\/\/pdt-rj.org.br\/wp-content\/uploads\/2022\/01\/Resolu\u00e7\u00e3o-003-2021.pdf\">Resolu\u00e7\u00e3o 003\/2021<\/a><\/li>\n<li>Resolu\u00e7\u00e3o 001\/2022<\/li>\n<li><a href=\"https:\/\/www.pdt.org.br\/wp-content\/uploads\/2022\/07\/Resolucao_002-2022-Normas-Eleicoes-2022-1.pdf\" data-wpel-link=\"internal\">Resolu\u00e7\u00e3o 002\/2022<\/a><\/li>\n<li><a href=\"https:\/\/www.pdt.org.br\/wp-content\/uploads\/2022\/07\/Resolucao_003-2022-Normas-Eleicoes-2022.pdf\" data-wpel-link=\"internal\">Resolu\u00e7\u00e3o 003\/2022<\/a><\/li>\n<li><a href=\"https:\/\/pdt-rj.org.br\/wp-content\/uploads\/2022\/07\/Resolucao_004-2022.pdf\">Resolu\u00e7\u00e3o 004\/2022<\/a><\/li>\n<li><a href=\"https:\/\/pdt-rj.org.br\/wp-content\/uploads\/2022\/08\/Resoluc\u0327a\u0303o-005-2022.pdf\">Resoluc\u0327a\u0303o 005-2022<\/a><\/li>\n<\/ul>\n<!-- AddThis Advanced Settings generic via filter on the_content --><!-- AddThis Share Buttons generic via filter on the_content -->","protected":false},"excerpt":{"rendered":"<p>Abaixo todas as resolu\u00e7\u00f5es dispon\u00edveis para download: Resolu\u00e7\u00e3o 002\/2019 Resolu\u00e7\u00e3o 003\/2019 Resolu\u00e7\u00e3o 004\/2019 Resolu\u00e7\u00e3o 005\/2019 Resolu\u00e7\u00e3o 006\/2019 Resolu\u00e7\u00e3o 007\/2019 Resolu\u00e7\u00e3o 002\/2020 Resolu\u00e7\u00e3o 003\/2020 Resolu\u00e7\u00e3o 004\/2020 Resolu\u00e7\u00e3o 005\/2020 Resolu\u00e7\u00e3o 003\/2021 Resolu\u00e7\u00e3o 001\/2022 Resolu\u00e7\u00e3o 002\/2022 Resolu\u00e7\u00e3o 003\/2022 Resolu\u00e7\u00e3o 004\/2022 Resoluc\u0327a\u0303o 005-2022<!-- AddThis Advanced Settings generic via filter on wp_trim_excerpt --><!-- AddThis Share Buttons generic via filter on wp_trim_excerpt --><\/p>\n","protected":false},"author":17,"featured_media":0,"parent":0,"menu_order":0,"comment_status":"closed","ping_status":"closed","template":"","meta":{"_monsterinsights_skip_tracking":false,"_monsterinsights_sitenote_active":false,"_monsterinsights_sitenote_note":"","_monsterinsights_sitenote_category":0,"_uf_show_specific_survey":0,"_uf_disable_surveys":false,"footnotes":""},"class_list":["post-64107","page","type-page","status-publish","hentry"],"acf":[],"_links":{"self":[{"href":"https:\/\/pdt-rj.org.br\/index.php\/wp-json\/wp\/v2\/pages\/64107","targetHints":{"allow":["GET"]}}],"collection":[{"href":"https:\/\/pdt-rj.org.br\/index.php\/wp-json\/wp\/v2\/pages"}],"about":[{"href":"https:\/\/pdt-rj.org.br\/index.php\/wp-json\/wp\/v2\/types\/page"}],"author":[{"embeddable":true,"href":"https:\/\/pdt-rj.org.br\/index.php\/wp-json\/wp\/v2\/users\/17"}],"replies":[{"embeddable":true,"href":"https:\/\/pdt-rj.org.br\/index.php\/wp-json\/wp\/v2\/comments?post=64107"}],"version-history":[{"count":31,"href":"https:\/\/pdt-rj.org.br\/index.php\/wp-json\/wp\/v2\/pages\/64107\/revisions"}],"predecessor-version":[{"id":83140,"href":"https:\/\/pdt-rj.org.br\/index.php\/wp-json\/wp\/v2\/pages\/64107\/revisions\/83140"}],"wp:attachment":[{"href":"https:\/\/pdt-rj.org.br\/index.php\/wp-json\/wp\/v2\/media?parent=64107"}],"curies":[{"name":"wp","href":"https:\/\/api.w.org\/{rel}","templated":true}]}}