{"id":48901,"date":"2016-11-15T10:30:53","date_gmt":"2016-11-15T12:30:53","guid":{"rendered":"http:\/\/pdt-rj.org.br\/?page_id=48901"},"modified":"2016-11-15T11:01:30","modified_gmt":"2016-11-15T13:01:30","slug":"lideres-historicos","status":"publish","type":"page","link":"https:\/\/pdt-rj.org.br\/index.php\/o-pdt\/lideres-historicos\/","title":{"rendered":"L\u00edderes Hist\u00f3ricos"},"content":{"rendered":"\t\t<div class=\"wpostahs-slider-wrp \" data-conf=\"{&quot;dots&quot;:&quot;true&quot;,&quot;arrows&quot;:&quot;true&quot;,&quot;loop&quot;:&quot;true&quot;,&quot;autoplay&quot;:&quot;false&quot;,&quot;autoplayInterval&quot;:3000,&quot;speed&quot;:300,&quot;fade&quot;:&quot;false&quot;,&quot;rtl&quot;:&quot;false&quot;,&quot;centermode&quot;:&quot;false&quot;,&quot;slidestoshow&quot;:3,&quot;lazyload&quot;:&quot;&quot;}\">\r\n\t\t\t<div class=\"wpostahs-slider wpostahs-slider-inner-wrp wpostahs-slider-design-1\">\r\n\t\t\t\t\n<div id=\"wpostahs-slider-nav-1\" class=\"wpostahs-slider-nav-1 wpostahs-slider-nav wpostahs-slick-slider\" data-slider-nav-for='wpostahs-slider-for-1'>\n\t\n\t\t<div class=\"wpostahs-slider-nav-title\">\n\t\t\t<div class=\"wpostahs-main-title\">\n\t\t\t\t\t\t\t<img  src=\"https:\/\/pdt-rj.org.br\/wp-content\/uploads\/2016\/11\/getulio.jpg\" alt=\"Get\u00falio Vargas  (19\/04\/1882 \u2013 24\/08\/1954)\">\n\t\t\tGet\u00falio Vargas <br\/> (19\/04\/1882 \u2013 24\/08\/1954)\t\t\t<\/div>\n\t\t<\/div>\n\t\n\t\t<div class=\"wpostahs-slider-nav-title\">\n\t\t\t<div class=\"wpostahs-main-title\">\n\t\t\t\t\t\t\t<img  src=\"https:\/\/pdt-rj.org.br\/wp-content\/uploads\/2016\/11\/pasqualini.jpg\" alt=\"Alberto Pasqualini  (23\/09\/1901 \u2013 03\/06\/1960)\">\n\t\t\tAlberto Pasqualini <br\/> (23\/09\/1901 \u2013 03\/06\/1960)\t\t\t<\/div>\n\t\t<\/div>\n\t\n\t\t<div class=\"wpostahs-slider-nav-title\">\n\t\t\t<div class=\"wpostahs-main-title\">\n\t\t\t\t\t\t\t<img  src=\"https:\/\/pdt-rj.org.br\/wp-content\/uploads\/2016\/11\/jgoulart.png\" alt=\"Jo\u00e3o Belchior Marques Goulart  (01\/03\/1918 \u2013 06\/12\/1976)\">\n\t\t\tJo\u00e3o Belchior Marques Goulart <br\/> (01\/03\/1918 \u2013 06\/12\/1976)\t\t\t<\/div>\n\t\t<\/div>\n\t\n\t\t<div class=\"wpostahs-slider-nav-title\">\n\t\t\t<div class=\"wpostahs-main-title\">\n\t\t\t\t\t\t\t<img  src=\"https:\/\/pdt-rj.org.br\/wp-content\/uploads\/2016\/11\/darcy.jpg\" alt=\"Darcy Ribeiro  (26\/10\/1922 \u2013 17\/02\/1997)\">\n\t\t\tDarcy Ribeiro <br\/> (26\/10\/1922 \u2013 17\/02\/1997)\t\t\t<\/div>\n\t\t<\/div>\n\t\n\t\t<div class=\"wpostahs-slider-nav-title\">\n\t\t\t<div class=\"wpostahs-main-title\">\n\t\t\t\t\t\t\t<img  src=\"https:\/\/pdt-rj.org.br\/wp-content\/uploads\/2016\/11\/brizola.jpg\" alt=\"Leonel Brizola  (22\/11\/1922 \u2013 21\/06\/2004)\">\n\t\t\tLeonel Brizola <br\/> (22\/11\/1922 \u2013 21\/06\/2004)\t\t\t<\/div>\n\t\t<\/div>\n\t\n\t\t<div class=\"wpostahs-slider-nav-title\">\n\t\t\t<div class=\"wpostahs-main-title\">\n\t\t\t\t\t\t\t<img  src=\"https:\/\/pdt-rj.org.br\/wp-content\/uploads\/2016\/11\/lupi.jpg\" alt=\"Carlos Lupi(16\/3\/1957)\">\n\t\t\tCarlos Lupi<br\/>(16\/3\/1957)\t\t\t<\/div>\n\t\t<\/div>\n\t<\/div>\n\n<div class=\"wpostahs-slider-for-1 wpostahs-slider-for wpostahs-slick-slider\">\n\t\t\t<div class=\"wpostahs-slider-nav-content\">\n\t\t\t<h2 class=\"wpostahs-centent-title\">Get\u00falio Vargas <br\/> (19\/04\/1882 \u2013 24\/08\/1954)<\/h2>\n\t\t\t<div class=\"wpostahs-centent\">\n\t\t\t\t<p>Nasceu em S\u00e3o Borja \u2013 RS, Governou o Brasil de 1930 a 1945 e de 1951 a 1954.<\/p>\n<p>A justi\u00e7a do Trabalho (1939), o sal\u00e1rio m\u00ednimo, a Consolida\u00e7\u00e3o das Leis Trabalhistas \u2013 CLT, Carteira Profissional, semana de trabalho \u00a048 horas e as f\u00e9rias remuneradas, na \u00e1rea trabalhista, e a Companhia Sider\u00fargica Nacional (1940), a Vale do Rio Doce (1942), e a Hidrel\u00e9trica do Vale do S\u00e3o Francisco (1945) no campo econ\u00f4mico, s\u00e3o conquistas da \u201cEra Vargas\u201d.<\/p>\n<p>Afastado em 1945, Vargas voltou ao poder em 1950, pelo voto popular e retomou sua pol\u00edtica desenvolvimentista. Criou a campanha do \u201cPetr\u00f3leo \u00e9 Nosso\u201d que resultaria na cria\u00e7\u00e3o da Petrobr\u00e1s.<\/p>\n<p>Em agosto de 1954, Vargas suicidou-se no Pal\u00e1cio do Catete e adiou, por 10 anos, o golpe militar que vinha sendo gestado no pa\u00eds.<\/p>\n<!-- AddThis Advanced Settings generic via filter on the_content --><!-- AddThis Share Buttons generic via filter on the_content -->\t\t\t<\/div>\n\t\t<\/div>\n\t\t\t<div class=\"wpostahs-slider-nav-content\">\n\t\t\t<h2 class=\"wpostahs-centent-title\">Alberto Pasqualini <br\/> (23\/09\/1901 \u2013 03\/06\/1960)<\/h2>\n\t\t\t<div class=\"wpostahs-centent\">\n\t\t\t\t<p>Nasceu em J\u00falio de Castilhos \u2013 RS, Graduado em Direito pela Faculdade de Direito de P. Alegre, foi Secret\u00e1rio do Interior e Justi\u00e7a do RS, no governo trabalhista de Ernesto Dornelles (1950-1954).<\/p>\n<p>Iniciou sua vida pol\u00edtica como Vereador da USB (Uni\u00e3o Social Brasileira), em 1934.<\/p>\n<p>Soci\u00f3logo e Professor, Pasqualini \u00e9 considerado o grande ideol\u00f3gico do trabalhismo brasileiro.<\/p>\n<p>Autor de v\u00e1rias obras, entre as quais \u201cDiretrizes Fundamentais do Trabalhismo Brasileiro (1953) e Trabalhismo e Desenvolvimento Econ\u00f4mico\u201d.<\/p>\n<p>Eleito Senador da Rep\u00fablica (1951-1956), destacou-se pela sua cultura e intensa produ\u00e7\u00e3o parlamentar na defesa do desenvolvimento com justi\u00e7a social.<\/p>\n<!-- AddThis Advanced Settings generic via filter on the_content --><!-- AddThis Share Buttons generic via filter on the_content -->\t\t\t<\/div>\n\t\t<\/div>\n\t\t\t<div class=\"wpostahs-slider-nav-content\">\n\t\t\t<h2 class=\"wpostahs-centent-title\">Jo\u00e3o Belchior Marques Goulart <br\/> (01\/03\/1918 \u2013 06\/12\/1976)<\/h2>\n\t\t\t<div class=\"wpostahs-centent\">\n\t\t\t\t<p>Nasceu em S\u00e3o Borja \u2013 RS, em 1* de mar\u00e7o de 1918. Dep. Estadual (1946-1950), Dep. Federal (1951), Sec. Do Interior de Justi\u00e7a do R.G. do Sul (19151-1952). Reassumiu na C\u00e2mara Federal (1952-1953) e foi Ministro do Trabalho Ind\u00fastria e Com\u00e9rcio do governo de Get\u00falio Vargas (1953-1954).<\/p>\n<p>Presidente Nacional do PTB. Vice de Juscelino Kubstech, presidiu o Senador entre 1956 e 1961. Reeleito vice-presidente com J\u00e2nio Quadros.<\/p>\n<p>Em 7 de setembro de 1961, ap\u00f3s a ren\u00fancia do ent\u00e3o presidente, em agosto do mesmo ano e , gra\u00e7as \u00e1 campanha da \u201cLegalidade\u201d, comandada por Leonel Brizola, Jango assumiu a Presid\u00eancia da Rep\u00fablica. Contudo, uma manobra conservadora do Congresso lhe imp\u00f4s o Parlamentarismo. Em 6 de janeiro de 1963, vitorioso em plebiscito, o Brasil voltou ao presidencialismo e Jango retomou a luta pelas Reformas de Base.<\/p>\n<p>Em 31 de mar\u00e7o de 1964, Jo\u00e3o Goulart foi deposto por um golpe militar, e foi exilado no Uruguai. Faleceu no ex\u00edlio, no munic\u00edpio argentino de Mercedes, em 6 de dezembro de 1976.<\/p>\n<!-- AddThis Advanced Settings generic via filter on the_content --><!-- AddThis Share Buttons generic via filter on the_content -->\t\t\t<\/div>\n\t\t<\/div>\n\t\t\t<div class=\"wpostahs-slider-nav-content\">\n\t\t\t<h2 class=\"wpostahs-centent-title\">Darcy Ribeiro <br\/> (26\/10\/1922 \u2013 17\/02\/1997)<\/h2>\n\t\t\t<div class=\"wpostahs-centent\">\n\t\t\t\t<p>Nasceu em Montes Claros \u2013 MG. Antrop\u00f3logo de renome internacional, formou-se em S\u00e3o Paulo em 1946.<\/p>\n<p>Darcy dedicou os seus primeiros anos de estudos aos \u00edndios do Pantanal, do Brasil Central e da Amaz\u00f4nia (1946-1956). Nos anos seguintes, dedicou-se \u00e1 educa\u00e7\u00e3o primaria e superior. Criou a Universidade de Bras\u00edlia, da qual foi o primeiro Reitor, e foi Ministro da Educa\u00e7\u00e3o e depois, Ministro-Chefe da Casa Civil de Jo\u00e3o Goulart.<\/p>\n<p>Exilado ap\u00f3s o golpe de 64, viveu em v\u00e1rios pa\u00edses da Am\u00e9rica Latina, per\u00edodo em que contribuiu com o Governo de Allende, no Chile e de Velasco Alvarado, no Peru.<\/p>\n<p>Por seus trabalhos e estudos, recebeu t\u00edtulos de Doutro Honoris Causa de diversas Universidades, entre elas Sorbone e a de Copenhague.<\/p>\n<p>Como Vice-Governador do Rio, durante o primeiro governo Brizola, de 1982-1986, foi o idealizador do Samb\u00f3dromo e do CIEPS. Depois se dedicou \u00e1 implanta\u00e7\u00e3o da Universidade do Norte Fluminense \u2013 UENF (1994).<\/p>\n<p>Senador da Rep\u00fablica (1991-1997), defendeu com brilhantismo a causa da educa\u00e7\u00e3o e o valor do povo brasileiro, a quem dedicou a sua vida e in\u00fameras obras.<\/p>\n<!-- AddThis Advanced Settings generic via filter on the_content --><!-- AddThis Share Buttons generic via filter on the_content -->\t\t\t<\/div>\n\t\t<\/div>\n\t\t\t<div class=\"wpostahs-slider-nav-content\">\n\t\t\t<h2 class=\"wpostahs-centent-title\">Leonel Brizola <br\/> (22\/11\/1922 \u2013 21\/06\/2004)<\/h2>\n\t\t\t<div class=\"wpostahs-centent\">\n\t\t\t\t<p>Nasceu em Carazinho \u2013 RS. Engenheiro Civl, elegeu-se Deputado Estadual Constituinte, em 1946. Secret\u00e1rio de Obras do Governo Ernesto Dornelles (1951 \u2013 1954). Prefeito de Porto Alegre (1956 \u2013 1958) \u2013 RS. Governador do Rio Grande do Sul, de 1958 a 1962, e do Rio de Janeiro, de 1983 e 1987 e de 1991 a 1994.<\/p>\n<p>Deputado Federal mais votado do pa\u00eds em 1962, pelo estado do Rio Grande do sul. Brizola fez da educa\u00e7\u00e3o a sua maior bandeira. No Rio Grande do Sul seu governo \u201cplantou\u201d 6.300 escolas, implantou a Reforma Agr\u00e1ria, a Estrada da Produ\u00e7\u00e3o, a A\u00e7os Finos Piratini e a Travessia Get\u00falio Vargas.Encampou empresas estrangeiras de Telefonia e de Energia El\u00e9trica, criou a CRT, a CEEE e a Caixa Econ\u00f4mica Estadual para financiar a habita\u00e7\u00e3o popular.<\/p>\n<p>Com a Legalidade, em 61, garantiu a posse de Jango na Presid\u00eancia do pa\u00eds. No Rio de Janeiro, em dois per\u00edodos, construiu 500 Cieps \u2013 Centros Integrados de Educa\u00e7\u00e3o Popular &#8211; , a Linha Vermelha, o Samb\u00f3dromo e implantou as bases para o estado atingir o seu atual est\u00e1gio de desenvolvimento econ\u00f4mico. Concorreu \u00e1 presid\u00eancia da Rep\u00fablica em 1989 e em 1994, e como vice de Lula em 1998.<\/p>\n<p>Em 2002 apoio a candidatura de Ciro Gomes \u00e1 Presid\u00eancia da Rep\u00fablica.<\/p>\n<!-- AddThis Advanced Settings generic via filter on the_content --><!-- AddThis Share Buttons generic via filter on the_content -->\t\t\t<\/div>\n\t\t<\/div>\n\t\t\t<div class=\"wpostahs-slider-nav-content\">\n\t\t\t<h2 class=\"wpostahs-centent-title\">Carlos Lupi<br\/>(16\/3\/1957)<\/h2>\n\t\t\t<div class=\"wpostahs-centent\">\n\t\t\t\t<p>Carlos Roberto Lupi, j\u00e1 exerceu os cargos de Ministro do Trabalho e Emprego; Secret\u00e1rio de Transportes da Prefeitura do Rio de Janeiro; Deputado Federal constituinte, nota 10 pelo DIAP; Secret\u00e1rio de Estado de Governo; e foi o primeiro suplente do Senador Saturnino Braga; antes de assumir a presid\u00eancia nacional do PDT, em 21 de junho de 2004, quando Leonel Brizola morreu \u2013 cargo para o qual vem se reelegendo desde ent\u00e3o, por unanimidade.<\/p>\n<p>Nascido em Campinas (SP), Carlos Lupi foi morar no Rio de Janeiro aos tr\u00eas anos de idade. Come\u00e7ou a trabalhar cedo para ajudar a fam\u00edlia e, ao mesmo tempo, estudar. Casado com a jornalista \u00c2ngela, tem tr\u00eas filhos e tr\u00eas netos \u2013 todos nascidos no Rio de Janeiro \u2013 e \u00e9 formado em Administra\u00e7\u00e3o, com licenciatura plena em Administra\u00e7\u00e3o, Economia e Contabilidade, pela faculdade do Centro Educacional de Niter\u00f3i (FACEN).<\/p>\n<p>Foi na sua banca de jornais, em Ipanema, que conheceu pessoalmente Leonel Brizola pouco depois da volta dele ao Brasil, ap\u00f3s 15 anos de ex\u00edlio. Tornaram-se amigos e o respeito e a amizade o levou a participar da funda\u00e7\u00e3o do PDT junto com Brizola, o \u00fanico partido de sua vida, em que, primeiro, se tornou tesoureiro, depois 2\u00ba vice-presidente, 1\u00ba vice-presidente at\u00e9 que assumiu a presid\u00eancia em 2004, sendo posteriormente reeleito sucessivamente.<\/p>\n<p>Na elei\u00e7\u00e3o de 1982, vencida por Brizola no Rio de Janeiro, disputou uma vaga de vereador na capital, e, por indica\u00e7\u00e3o de Brizola, assumiu seu primeiro cargo p\u00fablico: Coordenador das Regi\u00f5es Administrativas do Rio de Janeiro. Posteriormente, em 1990, elegeu-se deputado federal; e, entre outras atividades, integrou a Comiss\u00e3o que elaborou e aprovou a Lei de Diretrizes e Bases da Educa\u00e7\u00e3o, sendo considerado Deputado nota 10, pelo Departamento Intersindical de Assessoria Parlamentar (DIAP).<\/p>\n<p>Em 1992, licenciou-se da C\u00e2mara para assumir a Secretaria de Transportes da Cidade Rio do Rio de Janeiro, na gest\u00e3o de Marcello Alencar, cargo a que renunciou quando Marcello brigou com Leonel Brizola e decidiu deixar o PDT. Lupi n\u00e3o teve d\u00favidas: fiel a Brizola, reassumiu o mandato na C\u00e2mara Federal.<\/p>\n<p>Em 2002, na \u00faltima elei\u00e7\u00e3o disputada por Leonel Brizola, para senador pelo Rio de Janeiro, Lupi dividiu a indica\u00e7\u00e3o do PDT, disputando a segunda vaga para o Senado. Em 2006, pelo PDT, Lupi disputou o governo estadual.<\/p>\n<p>No exerc\u00edcio da presid\u00eancia do partido, em mar\u00e7o de 2007, liderou as negocia\u00e7\u00f5es que levaram o PDT a apoiar a reelei\u00e7\u00e3o de Lula; e, por indica\u00e7\u00e3o do Partido, assumiu o cargo de Ministro do Trabalho e Emprego em mar\u00e7o de 2007, cargo que ocupou por quatro anos e nove meses, at\u00e9 sair em dezembro de 2011 \u2013 j\u00e1 no Governo Dilma.<\/p>\n<p>\u00c0 frente do Minist\u00e9rio, Lupi considera como principais marcas de sua gest\u00e3o a gera\u00e7\u00e3o de cerca de 10 milh\u00f5es de empregos formais com carteira assinada, a defesa dos direitos trabalhistas, o est\u00edmulo \u00e0 qualifica\u00e7\u00e3o profissional, o di\u00e1logo constante com trabalhadores e empregadores, a regulamenta\u00e7\u00e3o do trabalho aos domingos, a amplia\u00e7\u00e3o dos cursos gratuitos no Sistema S, o fortalecimento das centrais sindicais, e a instaura\u00e7\u00e3o do ponto eletr\u00f4nico no Brasil, acabando com antigas fraudes contra o trabalhador.<\/p>\n<p>Como integrante dos conselhos que administram o Fundo de Garantia por Tempo de Servi\u00e7o (FGTS) e o Fundo de Amparo ao Trabalhador (FAT), quando ministro, prop\u00f4s e conseguiu baixar as taxas de juros cobradas do trabalhador \u2013 \u00e9poca em que os juros da economia s\u00f3 aumentavam. Tamb\u00e9m prop\u00f4s e conseguiu aprovar a\u00e7\u00f5es visando maiores investimentos no setor produtivo e na cria\u00e7\u00e3o de novas linhas de cr\u00e9dito como a linha pr\u00f3-cotista do FGTS, que oferece aos trabalhadores juros mais baixos para a compra da casa pr\u00f3pria.<\/p>\n<!-- AddThis Advanced Settings generic via filter on the_content --><!-- AddThis Share Buttons generic via filter on the_content -->\t\t\t<\/div>\n\t\t<\/div>\n\t<\/div><!-- #post-## -->\t\t\t<\/div>\r\n\t\t<\/div>\r\n\t\t\n","protected":false},"excerpt":{"rendered":"<p>Carlos Roberto Lupi, j\u00e1 exerceu os cargos de Ministro do Trabalho e Emprego; Secret\u00e1rio de Transportes da Prefeitura do Rio de Janeiro; Deputado Federal constituinte, nota 10 pelo DIAP; Secret\u00e1rio de Estado de Governo; e foi o primeiro suplente do Senador Saturnino Braga; antes de assumir a presid\u00eancia nacional do PDT, em 21 de junho&#8230;<!-- AddThis Advanced Settings generic via filter on wp_trim_excerpt --><!-- AddThis Share Buttons generic via filter on wp_trim_excerpt --><\/p>\n","protected":false},"author":17,"featured_media":0,"parent":48583,"menu_order":0,"comment_status":"closed","ping_status":"closed","template":"","meta":{"_monsterinsights_skip_tracking":false,"_monsterinsights_sitenote_active":false,"_monsterinsights_sitenote_note":"","_monsterinsights_sitenote_category":0,"_uf_show_specific_survey":0,"_uf_disable_surveys":false,"footnotes":""},"class_list":["post-48901","page","type-page","status-publish","hentry"],"acf":[],"_links":{"self":[{"href":"https:\/\/pdt-rj.org.br\/index.php\/wp-json\/wp\/v2\/pages\/48901","targetHints":{"allow":["GET"]}}],"collection":[{"href":"https:\/\/pdt-rj.org.br\/index.php\/wp-json\/wp\/v2\/pages"}],"about":[{"href":"https:\/\/pdt-rj.org.br\/index.php\/wp-json\/wp\/v2\/types\/page"}],"author":[{"embeddable":true,"href":"https:\/\/pdt-rj.org.br\/index.php\/wp-json\/wp\/v2\/users\/17"}],"replies":[{"embeddable":true,"href":"https:\/\/pdt-rj.org.br\/index.php\/wp-json\/wp\/v2\/comments?post=48901"}],"version-history":[{"count":0,"href":"https:\/\/pdt-rj.org.br\/index.php\/wp-json\/wp\/v2\/pages\/48901\/revisions"}],"up":[{"embeddable":true,"href":"https:\/\/pdt-rj.org.br\/index.php\/wp-json\/wp\/v2\/pages\/48583"}],"wp:attachment":[{"href":"https:\/\/pdt-rj.org.br\/index.php\/wp-json\/wp\/v2\/media?parent=48901"}],"curies":[{"name":"wp","href":"https:\/\/api.w.org\/{rel}","templated":true}]}}