{"id":48587,"date":"2016-10-28T13:30:23","date_gmt":"2016-10-28T15:30:23","guid":{"rendered":"http:\/\/pdt-rj.org.br\/?page_id=48587"},"modified":"2016-10-28T13:30:23","modified_gmt":"2016-10-28T15:30:23","slug":"ideologia","status":"publish","type":"page","link":"https:\/\/pdt-rj.org.br\/index.php\/o-pdt\/ideologia\/","title":{"rendered":"Ideologia"},"content":{"rendered":"<p>De acordo com os princ\u00edpios estabelecidos em seu manifesto de lan\u00e7amento, o Partido Democr\u00e1tico Trabalhista prop\u00f5e-se a lutar pela realiza\u00e7\u00e3o do Programa que segue:<\/p>\n<p>O primeiro compromisso \u00e9 com as crian\u00e7as e jovens de nosso pa\u00eds. Assistir desde o ventre materno, alimentar, escolarizar, acolher e educar todas as crian\u00e7as no nosso pa\u00eds, com igualdade de oportunidade para todos, \u00e9 a prioridade m\u00e1xima do Trabalhismo Democr\u00e1tico. Salvar nossas crian\u00e7as e adolescentes \u00e9 uma causa de salva\u00e7\u00e3o nacional. Como medida de emerg\u00eancia assegurar\u00e1, gratuitamente, a todas as crian\u00e7as, at\u00e9 dois anos de idade, um litro de leite di\u00e1rio.<\/p>\n<p>O segundo \u00e9 com os interesses dos trabalhadores, muito especialmente das grandes maiorias populares que, em todas as regi\u00f5es brasileiras, vivem em diversos n\u00edveis de pobreza, de marginalidade, ocupando \u00e1reas improdutivas ou sendo cruelmente explorados em benef\u00edcio de setores privilegiados. O car\u00e1ter eminentemente popular do Democr\u00e1tico Trabalhismo se define, a partir de suas ra\u00edzes e de uma atitude de inconformidade ante a mis\u00e9ria, a fome e o marginalismo de dezenas de milh\u00f5es de brasileiros. Aqui, como em nenhuma outra causa, marcaremos nossa op\u00e7\u00e3o e autenticidade.<\/p>\n<p>O terceiro \u00e9 com a mulher, contra a sua discrimina\u00e7\u00e3o propugnando por sua efetiva participa\u00e7\u00e3o em todas as \u00e1reas de decis\u00e3o, pela defini\u00e7\u00e3o de seus direitos sociais, no emprego ou no lar, pela igualdade de remunera\u00e7\u00e3o e de oportunidades, de educa\u00e7\u00e3o e forma\u00e7\u00e3o profissional, acentuando a necessidade de que o pa\u00eds disponha, cada vez mais amplamente, de servi\u00e7os de infraestrutura que venham aliviar a mulher, submetida, em uma alta percentagem, a duas jornadas de trabalho, a do lar e a do emprego.<\/p>\n<p>O quarto compromisso program\u00e1tico \u00e9 com a causa das popula\u00e7\u00f5es negras como parte fundamental da luta pela democracia, pela justi\u00e7a social e a verdadeira unidade nacional. Esse compromisso n\u00f3s concretizaremos no combate \u00e0 discrimina\u00e7\u00e3o social em todos os campos, em especial no da educa\u00e7\u00e3o e da cultura e nas rela\u00e7\u00f5es sociais e de trabalho. A democracia e a justi\u00e7a s\u00f3 se realizar\u00e3o, plenamente, quando forem erradicados de nossa sociedade todos os preconceitos raciais e forem abertas amplas oportunidades de acesso a todos, independentemente da cor e da situa\u00e7\u00e3o de pobreza.<\/p>\n<p>O quinto compromisso \u00e9 a defesa das popula\u00e7\u00f5es ind\u00edgenas contra o processo de exterm\u00ednio f\u00edsico, social e cultural a que tem sido submetidas ao longo de nossa hist\u00f3ria. O Trabalhismo Democr\u00e1tico assume, como um dos seus compromissos pol\u00edticos fundamentais, poder lutar em defesa das popula\u00e7\u00f5es ind\u00edgenas, por direitos \u00e0 autodetermina\u00e7\u00e3o como minoria nacional e \u00e0 preserva\u00e7\u00e3o de suas culturas, assim como ao uso dos recursos naturais necess\u00e1rios a sua sobreviv\u00eancia e desenvolvimento.<\/p>\n<p>O sexto compromisso program\u00e1tico \u00e9 com a defesa da natureza brasileira, contra a polui\u00e7\u00e3o e a deteriora\u00e7\u00e3o do meio ambiente resultante de uma explora\u00e7\u00e3o predat\u00f3ria, que amea\u00e7a destruir a base biol\u00f3gica de nossa exist\u00eancia, degradando cada vez mais a qualidade de vida do povo brasileiro. Depois de empobrecer radicalmente e destruir a fauna e a flora de todas as regi\u00f5es brasileiras de antiga ocupa\u00e7\u00e3o, agora amea\u00e7am liquidar com a Amaz\u00f4nia, que \u00e9 a nossa \u00faltima reserva da natureza original. O Trabalhismo Democr\u00e1tico propugna por um movimento e uma legisla\u00e7\u00e3o que defendam o ambiente natural do pa\u00eds e co\u00edbam as diversas formas de polui\u00e7\u00e3o e pela implementa\u00e7\u00e3o de um amplo programa nacional de descontamina\u00e7\u00e3o.<\/p>\n<p>O s\u00e9timo compromisso \u00e9 a recupera\u00e7\u00e3o para o povo brasileiro de todas as concess\u00f5es feitas a grupos e interesses estrangeiros, lesivas ao nosso patrim\u00f4nio, \u00e0 economia nacional e atentat\u00f3ria a nossa pr\u00f3pria soberania.<\/p>\n<!-- AddThis Advanced Settings generic via filter on the_content --><!-- AddThis Share Buttons generic via filter on the_content -->","protected":false},"excerpt":{"rendered":"<p>De acordo com os princ\u00edpios estabelecidos em seu manifesto de lan\u00e7amento, o Partido Democr\u00e1tico Trabalhista prop\u00f5e-se a lutar pela realiza\u00e7\u00e3o do Programa que segue: O primeiro compromisso \u00e9 com as crian\u00e7as e jovens de nosso pa\u00eds. Assistir desde o ventre materno, alimentar, escolarizar, acolher e educar todas as crian\u00e7as no nosso pa\u00eds, com igualdade de&#8230;<!-- AddThis Advanced Settings generic via filter on wp_trim_excerpt --><!-- AddThis Share Buttons generic via filter on wp_trim_excerpt --><\/p>\n","protected":false},"author":17,"featured_media":0,"parent":48583,"menu_order":0,"comment_status":"closed","ping_status":"closed","template":"","meta":{"_monsterinsights_skip_tracking":false,"_monsterinsights_sitenote_active":false,"_monsterinsights_sitenote_note":"","_monsterinsights_sitenote_category":0,"_uf_show_specific_survey":0,"_uf_disable_surveys":false,"footnotes":""},"class_list":["post-48587","page","type-page","status-publish","hentry"],"acf":[],"_links":{"self":[{"href":"https:\/\/pdt-rj.org.br\/index.php\/wp-json\/wp\/v2\/pages\/48587","targetHints":{"allow":["GET"]}}],"collection":[{"href":"https:\/\/pdt-rj.org.br\/index.php\/wp-json\/wp\/v2\/pages"}],"about":[{"href":"https:\/\/pdt-rj.org.br\/index.php\/wp-json\/wp\/v2\/types\/page"}],"author":[{"embeddable":true,"href":"https:\/\/pdt-rj.org.br\/index.php\/wp-json\/wp\/v2\/users\/17"}],"replies":[{"embeddable":true,"href":"https:\/\/pdt-rj.org.br\/index.php\/wp-json\/wp\/v2\/comments?post=48587"}],"version-history":[{"count":0,"href":"https:\/\/pdt-rj.org.br\/index.php\/wp-json\/wp\/v2\/pages\/48587\/revisions"}],"up":[{"embeddable":true,"href":"https:\/\/pdt-rj.org.br\/index.php\/wp-json\/wp\/v2\/pages\/48583"}],"wp:attachment":[{"href":"https:\/\/pdt-rj.org.br\/index.php\/wp-json\/wp\/v2\/media?parent=48587"}],"curies":[{"name":"wp","href":"https:\/\/api.w.org\/{rel}","templated":true}]}}