{"id":38415,"date":"2016-03-15T16:29:13","date_gmt":"2016-03-15T19:29:13","guid":{"rendered":"http:\/\/www.malungo2.com.br\/pdt\/?page_id=38415"},"modified":"2019-07-12T01:13:44","modified_gmt":"2019-07-12T04:13:44","slug":"filie-se-ao-pdt","status":"publish","type":"page","link":"https:\/\/pdt-rj.org.br\/index.php\/filie-se-ao-pdt\/","title":{"rendered":"Filie-se ao PDT"},"content":{"rendered":"<div  class=\"lgc-column lgc-grid-parent lgc-grid-70 lgc-tablet-grid-70 lgc-mobile-grid-100 lgc-equal-heights \"><div  class=\"inside-grid-column\">\n<p>Qualquer homem ou mulher que se disponha a lutar por uma sociedade democr\u00e1tica, plural e solid\u00e1ria pode se filiar ao PDT, desde que j\u00e1 tenha completado 16 anos de idade, goze de plenos direitos pol\u00edticos, n\u00e3o esteja filiado a outro partido e possua domic\u00edlio eleitoral no mesmo munic\u00edpio em que queira se filiar.<\/p>\n<p>Para se filiar ao Partido Democr\u00e1tico Trabalhista voc\u00ea pode solicitar sua filia\u00e7\u00e3o a qualquer filiado ou filiada; em qualquer Diret\u00f3rio do Partido; ou, preenchendo o cadastro a seguir.<\/p>\n<p>Depois de preenchido o formul\u00e1rio, n\u00f3s avisaremos da sua efetiva\u00e7\u00e3o atrav\u00e9s de email enviado para o seu endere\u00e7o informado.<\/p>\n<p>Para enviar sua filia\u00e7\u00e3o siga os passos abaixo:<\/p>\n<p>1. Preencha o <strong>Formul\u00e1rio de Filia\u00e7\u00e3o (<a href=\"http:\/\/filiapdt.org.br\/\">clique aqui para abrir<\/a>)<\/strong><br \/>\n2. Todos os campos devem ser informados, anexando ao formul\u00e1rio tamb\u00e9m c\u00f3pias do T\u00edtulo de Eleitor e CPF, em seguida clique em &#8220;Solicitar Filia\u00e7\u00e3o&#8221;.<br \/>\n3. Sua solicita\u00e7\u00e3o ser\u00e1 enviada aos nossos analistas.<br \/>\n4. Aprovada a filia\u00e7\u00e3o o proponente \u00e9 comunicado por e-mail.<\/p>\n<p><\/p><\/div><\/div>\n<div  class=\"lgc-column lgc-grid-parent lgc-grid-30 lgc-tablet-grid-30 lgc-mobile-grid-100 lgc-equal-heights \"><div  class=\"inside-grid-column\">\n<p><strong>FILIE-SE<\/strong><br \/>\nA filia\u00e7\u00e3o \u00e9 feita totalmente pela internet. Clique aqui e preencha seus dados<\/p>\n<p><strong>CONSULTA P\u00daBLICA<\/strong><br \/>\nConhe\u00e7a quem est\u00e1 ingressando no partido e d\u00ea a sua opini\u00e3o. <a href=\"http:\/\/pdt-rj.org.br\/index.php\/consulta-publica\/\" target=\"_self\" rel=\"noopener noreferrer\">Acesse aqui a lista de consulta p\u00fablica<\/a><\/p>\n<p><\/p><\/div><\/div><div class=\"lgc-clear\"><\/div>\n<!-- AddThis Advanced Settings generic via filter on the_content --><!-- AddThis Share Buttons generic via filter on the_content -->","protected":false},"excerpt":{"rendered":"<p>Qualquer homem ou mulher que se disponha a lutar por uma sociedade democr\u00e1tica, plural e solid\u00e1ria pode se filiar ao PDT, desde que j\u00e1 tenha completado 16 anos de idade, goze de plenos direitos pol\u00edticos, n\u00e3o esteja filiado a outro partido e possua domic\u00edlio eleitoral no mesmo munic\u00edpio em que queira se filiar. Para se&#8230;<!-- AddThis Advanced Settings generic via filter on wp_trim_excerpt --><!-- AddThis Share Buttons generic via filter on wp_trim_excerpt --><\/p>\n","protected":false},"author":17,"featured_media":0,"parent":0,"menu_order":0,"comment_status":"closed","ping_status":"closed","template":"","meta":{"_monsterinsights_skip_tracking":false,"_monsterinsights_sitenote_active":false,"_monsterinsights_sitenote_note":"","_monsterinsights_sitenote_category":0,"_uf_show_specific_survey":0,"_uf_disable_surveys":false,"footnotes":""},"class_list":["post-38415","page","type-page","status-publish","hentry"],"acf":[],"_links":{"self":[{"href":"https:\/\/pdt-rj.org.br\/index.php\/wp-json\/wp\/v2\/pages\/38415","targetHints":{"allow":["GET"]}}],"collection":[{"href":"https:\/\/pdt-rj.org.br\/index.php\/wp-json\/wp\/v2\/pages"}],"about":[{"href":"https:\/\/pdt-rj.org.br\/index.php\/wp-json\/wp\/v2\/types\/page"}],"author":[{"embeddable":true,"href":"https:\/\/pdt-rj.org.br\/index.php\/wp-json\/wp\/v2\/users\/17"}],"replies":[{"embeddable":true,"href":"https:\/\/pdt-rj.org.br\/index.php\/wp-json\/wp\/v2\/comments?post=38415"}],"version-history":[{"count":8,"href":"https:\/\/pdt-rj.org.br\/index.php\/wp-json\/wp\/v2\/pages\/38415\/revisions"}],"predecessor-version":[{"id":66836,"href":"https:\/\/pdt-rj.org.br\/index.php\/wp-json\/wp\/v2\/pages\/38415\/revisions\/66836"}],"wp:attachment":[{"href":"https:\/\/pdt-rj.org.br\/index.php\/wp-json\/wp\/v2\/media?parent=38415"}],"curies":[{"name":"wp","href":"https:\/\/api.w.org\/{rel}","templated":true}]}}