{"id":20311,"date":"2014-06-12T12:27:15","date_gmt":"2014-06-12T12:27:15","guid":{"rendered":"http:\/\/www.malungo2.com.br\/pdt\/?page_id=20311"},"modified":"2016-10-28T14:09:42","modified_gmt":"2016-10-28T16:09:42","slug":"publicacoes","status":"publish","type":"page","link":"https:\/\/pdt-rj.org.br\/index.php\/multimidia\/publicacoes\/","title":{"rendered":"Publica\u00e7\u00f5es"},"content":{"rendered":"<div class=\"publicacoes\">\r\n\r\n\r\n<div  class=\"lgc-column lgc-grid-parent lgc-grid-30 lgc-tablet-grid-30 lgc-mobile-grid-100 lgc-equal-heights \"><div  class=\"inside-grid-column\">\r\n<img loading=\"lazy\" decoding=\"async\" width=\"150\" height=\"230\" src=\"https:\/\/pdt-rj.org.br\/wp-content\/uploads\/2015\/11\/7-150x230.jpg\" class=\"attachment-150x230 size-150x230\" alt=\"\" \/>\r\n<\/div><\/div>\r\n\r\n<div  class=\"lgc-column lgc-grid-parent lgc-grid-70 lgc-tablet-grid-70 lgc-mobile-grid-100 lgc-equal-heights \"><div  class=\"inside-grid-column\">\r\n<div class=\"titulo-publicacao\">El Caudillo - Leonel Brizola - Um Perfil Biogr\u00e1fico<\/div>\r\nPor mais de 50 anos, Leonel Brizola sacudiu a pol\u00edtica brasileira com um feitio ousado e desafiador. Aos 37 anos, surpreende os Estados Unidos desapropriando uma de suas empresas, em Porto Alegre , e aos 39, enfrenta e vence o Ex\u00e9rcito, que vetara a posse do Vice-Presidente Jo\u00e3o Goulart. \r\n\r\n<a href=\"http:\/\/www.saraiva.com.br\/el-caudillo-leonel-brizola-um-perfil-biografico-2580149.html?sku=2580149&amp;force_redirect=1&amp;pac_id=123134\" class=\"link-loja\">Comprar<\/a>\r\n<\/div><\/div><div class=\"lgc-clear\"><\/div>\r\n\r\n\r\n<div  class=\"lgc-column lgc-grid-parent lgc-grid-30 lgc-tablet-grid-30 lgc-mobile-grid-100 lgc-equal-heights \"><div  class=\"inside-grid-column\">\r\n<img loading=\"lazy\" decoding=\"async\" width=\"119\" height=\"180\" src=\"https:\/\/pdt-rj.org.br\/wp-content\/uploads\/2015\/11\/63996da00fce6bd7a37b0a07d20589e8108095ca-e1474055019689.jpg\" class=\"attachment-150x230 size-150x230\" alt=\"\" srcset=\"https:\/\/pdt-rj.org.br\/wp-content\/uploads\/2015\/11\/63996da00fce6bd7a37b0a07d20589e8108095ca-e1474055019689.jpg 119w, https:\/\/pdt-rj.org.br\/wp-content\/uploads\/2015\/11\/63996da00fce6bd7a37b0a07d20589e8108095ca-e1474055019689-66x100.jpg 66w, https:\/\/pdt-rj.org.br\/wp-content\/uploads\/2015\/11\/63996da00fce6bd7a37b0a07d20589e8108095ca-e1474055019689-60x90.jpg 60w\" sizes=\"auto, (max-width: 119px) 100vw, 119px\" \/>\r\n<\/div><\/div>\r\n\r\n<div  class=\"lgc-column lgc-grid-parent lgc-grid-70 lgc-tablet-grid-70 lgc-mobile-grid-100 lgc-equal-heights \"><div  class=\"inside-grid-column\">\r\n<div class=\"titulo-publicacao\">O Pr\u00edncipe da Moeda<\/div>\r\nO escritor Gilberto Vasconcelos apresenta detalhes  in\u00e9ditos sobre a vida de Fernando Henrique Cardoso e sua turma de soci\u00f3logos que assumiu o poder no Brasil em 1995. Segundo o escritor, \"a sorte grande de FHC foi ter sido cassado pelo regime militar aos 37 anos - ficando livre para enriquecer e comprar fazendas com as ci\u00eancias sociais\".\r\n\r\n<a href=\"http:\/\/www.estantevirtual.com.br\/b\/gilberto-felisberto-vasconcellos\/o-principe-da-moeda\/1334755032\" class=\"link-loja\">Comprar<\/a>\r\n<\/div><\/div><div class=\"lgc-clear\"><\/div>\r\n\r\n\r\n<div  class=\"lgc-column lgc-grid-parent lgc-grid-30 lgc-tablet-grid-30 lgc-mobile-grid-100 lgc-equal-heights \"><div  class=\"inside-grid-column\">\r\n<img loading=\"lazy\" decoding=\"async\" width=\"150\" height=\"230\" src=\"https:\/\/pdt-rj.org.br\/wp-content\/uploads\/2015\/11\/6-150x230.jpg\" class=\"attachment-150x230 size-150x230\" alt=\"\" \/>\r\n<\/div><\/div>\r\n\r\n<div  class=\"lgc-column lgc-grid-parent lgc-grid-70 lgc-tablet-grid-70 lgc-mobile-grid-100 lgc-equal-heights \"><div  class=\"inside-grid-column\">\r\n<div class=\"titulo-publicacao\">A Rebeli\u00e3o da Legalidade<\/div>\r\nA Rebeli\u00e3o da Legalidade \u00e9 o relato do per\u00edodo da ren\u00fancia do ent\u00e3o Presidente da Rep\u00fablica, J\u00e2nio Quadros, em de 25 de Agosto de 1961 at\u00e9 a posse de seu vice, Jo\u00e3o Goulart em 07 de Setembro de 1961. Nesses quase quinze dias de crise institucional grave, a popula\u00e7\u00e3o se manifestou pela posse de Jango e pela manuten\u00e7\u00e3o da Ordem legal constitucional.\r\n\r\n<a href=\"http:\/\/www.estantevirtual.com.br\/b\/vivaldo-barbosa\/a-rebeliao-da-legalidade\/2537142769\" class=\"link-loja\">Comprar<\/a>\r\n<\/div><\/div><div class=\"lgc-clear\"><\/div>\r\n\r\n\r\n<div  class=\"lgc-column lgc-grid-parent lgc-grid-30 lgc-tablet-grid-30 lgc-mobile-grid-100 lgc-equal-heights \"><div  class=\"inside-grid-column\">\r\n<img loading=\"lazy\" decoding=\"async\" width=\"150\" height=\"230\" src=\"https:\/\/pdt-rj.org.br\/wp-content\/uploads\/2015\/11\/34c51e78-d938-410c-b745-85675e0ef093-150x230.jpg\" class=\"attachment-150x230 size-150x230\" alt=\"\" \/>\r\n<\/div><\/div>\r\n\r\n<div  class=\"lgc-column lgc-grid-parent lgc-grid-70 lgc-tablet-grid-70 lgc-mobile-grid-100 lgc-equal-heights \"><div  class=\"inside-grid-column\">\r\n<div class=\"titulo-publicacao\">A legalidade e outros pensamentos conclusivos de Leonel Brizola<\/div>\r\nNo livro A Legalidade e outros pensamentos conclusivos de Leonel Brizola o herdeiro do trabalhismo d\u00e1 \u2013 na primeira pessoa \u2013 a sua opini\u00e3o sobre diversos temas pol\u00edticos atuais - atrav\u00e9s de transcri\u00e7\u00f5es de suas falas recolhidas ao longo dos anos pelos organizadores \u2013 Osvaldo Maneschy, Apio Gomes, Paulo Becker e Madalena Sapucaia - que somam mais de 300 horas de grava\u00e7\u00e3o de palestras, discursos e entrevistas, entre 1991 e 2004.\r\n\r\n<a href=\"http:\/\/www.travessa.com.br\/A_LEGALIDADE_E_OUTROS_PENSAMENTOS_CONCLUSIVOS_DE_LEONEL_BRIZOLA\/artigo\/34c51e78-d938-410c-b745-85675e0ef093\" class=\"link-loja\">Comprar<\/a>\r\n<\/div><\/div><div class=\"lgc-clear\"><\/div>\r\n\r\n\r\n<div  class=\"lgc-column lgc-grid-parent lgc-grid-30 lgc-tablet-grid-30 lgc-mobile-grid-100 lgc-equal-heights \"><div  class=\"inside-grid-column\">\r\n<img loading=\"lazy\" decoding=\"async\" width=\"150\" height=\"230\" src=\"https:\/\/pdt-rj.org.br\/wp-content\/uploads\/2015\/11\/5-150x230.jpg\" class=\"attachment-150x230 size-150x230\" alt=\"\" \/>\r\n<\/div><\/div>\r\n\r\n<div  class=\"lgc-column lgc-grid-parent lgc-grid-70 lgc-tablet-grid-70 lgc-mobile-grid-100 lgc-equal-heights \"><div  class=\"inside-grid-column\">\r\n<div class=\"titulo-publicacao\">Fidel Castro - Uma Biografia Consentida<\/div>\r\nBiografar uma vida como a de Fidel Castro exige f\u00f4lego. A jornalista e historiadora brasileira Claudia Furiati pesquisou em Cuba durante cinco anos para chegar ao resultado: uma biografia consentida de Fidel. Consentida porque ele s\u00f3 ler\u00e1 o livro depois de pronto e se d\u00e1 o direito de discordar do que foi escrito. \r\n\r\n<a href=\"http:\/\/www.submarino.com.br\/produto\/5235946\/livro-fidel-castro-uma-biografia-consentida-vol.-unico\" class=\"link-loja\">Comprar<\/a>\r\n<\/div><\/div><div class=\"lgc-clear\"><\/div>\r\n\r\n<\/div>\r\n<div id=\"loopage\" class=\"pagination-wrap\"><span aria-current=\"page\" class=\"page-numbers current\">1<\/span>\n<a class=\"page-numbers\" href=\"https:\/\/pdt-rj.org.br\/index.php\/wp-json\/wp\/v2\/pages\/20311\/pagina\/2\/\">2<\/a>\n<a class=\"page-numbers\" href=\"https:\/\/pdt-rj.org.br\/index.php\/wp-json\/wp\/v2\/pages\/20311\/pagina\/3\/\">3<\/a>\n<a class=\"next page-numbers\" href=\"https:\/\/pdt-rj.org.br\/index.php\/wp-json\/wp\/v2\/pages\/20311\/pagina\/2\/\">&raquo;<\/a><\/div>\n<!-- AddThis Advanced Settings generic via filter on the_content --><!-- AddThis Share Buttons generic via filter on the_content -->","protected":false},"excerpt":{"rendered":"<p><!-- AddThis Advanced Settings generic via filter on wp_trim_excerpt --><!-- AddThis Share Buttons generic via filter on wp_trim_excerpt --><\/p>\n","protected":false},"author":17,"featured_media":0,"parent":20309,"menu_order":10,"comment_status":"closed","ping_status":"open","template":"","meta":{"_monsterinsights_skip_tracking":false,"_monsterinsights_sitenote_active":false,"_monsterinsights_sitenote_note":"","_monsterinsights_sitenote_category":0,"_uf_show_specific_survey":0,"_uf_disable_surveys":false,"footnotes":""},"class_list":["post-20311","page","type-page","status-publish","hentry"],"acf":[],"_links":{"self":[{"href":"https:\/\/pdt-rj.org.br\/index.php\/wp-json\/wp\/v2\/pages\/20311","targetHints":{"allow":["GET"]}}],"collection":[{"href":"https:\/\/pdt-rj.org.br\/index.php\/wp-json\/wp\/v2\/pages"}],"about":[{"href":"https:\/\/pdt-rj.org.br\/index.php\/wp-json\/wp\/v2\/types\/page"}],"author":[{"embeddable":true,"href":"https:\/\/pdt-rj.org.br\/index.php\/wp-json\/wp\/v2\/users\/17"}],"replies":[{"embeddable":true,"href":"https:\/\/pdt-rj.org.br\/index.php\/wp-json\/wp\/v2\/comments?post=20311"}],"version-history":[{"count":0,"href":"https:\/\/pdt-rj.org.br\/index.php\/wp-json\/wp\/v2\/pages\/20311\/revisions"}],"up":[{"embeddable":true,"href":"https:\/\/pdt-rj.org.br\/index.php\/wp-json\/wp\/v2\/pages\/20309"}],"wp:attachment":[{"href":"https:\/\/pdt-rj.org.br\/index.php\/wp-json\/wp\/v2\/media?parent=20311"}],"curies":[{"name":"wp","href":"https:\/\/api.w.org\/{rel}","templated":true}]}}